{"id":1188,"date":"2023-08-31T11:46:12","date_gmt":"2023-08-31T11:46:12","guid":{"rendered":"https:\/\/sindionation.com\/?page_id=1188"},"modified":"2023-09-02T10:58:14","modified_gmt":"2023-09-02T10:58:14","slug":"test-post","status":"publish","type":"page","link":"https:\/\/sindionation.com\/fr\/test-post\/","title":{"rendered":"test post"},"content":{"rendered":"<div data-elementor-type=\"wp-page\" data-elementor-id=\"1188\" class=\"elementor elementor-1188\" data-elementor-post-type=\"page\">\n\t\t\t\t\t\t<section class=\"elementor-section elementor-top-section elementor-element elementor-element-01613fb elementor-section-boxed elementor-section-height-default elementor-section-height-default\" data-id=\"01613fb\" data-element_type=\"section\" data-e-type=\"section\" data-settings=\"{&quot;background_background&quot;:&quot;classic&quot;,&quot;ekit_has_onepagescroll_dot&quot;:&quot;yes&quot;}\">\n\t\t\t\t\t\t<div class=\"elementor-container elementor-column-gap-default\">\n\t\t\t\t\t<div class=\"elementor-column elementor-col-100 elementor-top-column elementor-element elementor-element-6f1f447\" data-id=\"6f1f447\" data-element_type=\"column\" data-e-type=\"column\">\n\t\t\t<div class=\"elementor-widget-wrap elementor-element-populated\">\n\t\t\t\t\t\t<div class=\"elementor-element elementor-element-9735e1f elementor-widget elementor-widget-heading\" data-id=\"9735e1f\" data-element_type=\"widget\" data-e-type=\"widget\" data-settings=\"{&quot;ekit_we_effect_on&quot;:&quot;none&quot;}\" data-widget_type=\"heading.default\">\n\t\t\t\t\t<span class=\"elementor-heading-title elementor-size-default\">Type To Search<\/span>\t\t\t\t<\/div>\n\t\t\t\t<div class=\"elementor-element elementor-element-80d8dce elementor-tabs-alignment-end sport_tab elementor-tabs-view-horizontal elementor-widget elementor-widget-tabs\" data-id=\"80d8dce\" data-element_type=\"widget\" data-e-type=\"widget\" data-settings=\"{&quot;ekit_we_effect_on&quot;:&quot;none&quot;}\" data-widget_type=\"tabs.default\">\n\t\t\t\t\t\t\t<div class=\"elementor-tabs\">\n\t\t\t<div class=\"elementor-tabs-wrapper\" role=\"tablist\" >\n\t\t\t\t\t\t\t\t\t<div id=\"elementor-tab-title-1351\" class=\"elementor-tab-title elementor-tab-desktop-title\" aria-selected=\"true\" data-tab=\"1\" role=\"tab\" tabindex=\"0\" aria-controls=\"elementor-tab-content-1351\" aria-expanded=\"false\">All<\/div>\n\t\t\t\t\t\t\t\t\t<div id=\"elementor-tab-title-1352\" class=\"elementor-tab-title elementor-tab-desktop-title\" aria-selected=\"false\" data-tab=\"2\" role=\"tab\" tabindex=\"-1\" aria-controls=\"elementor-tab-content-1352\" aria-expanded=\"false\">D\u00e9couvrir<\/div>\n\t\t\t\t\t\t\t\t\t<div id=\"elementor-tab-title-1353\" class=\"elementor-tab-title elementor-tab-desktop-title\" aria-selected=\"false\" data-tab=\"3\" role=\"tab\" tabindex=\"-1\" aria-controls=\"elementor-tab-content-1353\" aria-expanded=\"false\">Ev\u00e9nements<\/div>\n\t\t\t\t\t\t\t<\/div>\n\t\t\t<div class=\"elementor-tabs-content-wrapper\" role=\"tablist\" aria-orientation=\"vertical\">\n\t\t\t\t\t\t\t\t\t<div class=\"elementor-tab-title elementor-tab-mobile-title\" aria-selected=\"true\" data-tab=\"1\" role=\"tab\" tabindex=\"0\" aria-controls=\"elementor-tab-content-1351\" aria-expanded=\"false\">All<\/div>\n\t\t\t\t\t<div id=\"elementor-tab-content-1351\" class=\"elementor-tab-content elementor-clearfix\" data-tab=\"1\" role=\"tabpanel\" aria-labelledby=\"elementor-tab-title-1351\" tabindex=\"0\" hidden=\"false\">\t\t<div data-elementor-type=\"section\" data-elementor-id=\"1819\" class=\"elementor elementor-1819\" data-elementor-post-type=\"elementor_library\">\n\t\t\t\t\t<section class=\"elementor-section elementor-top-section elementor-element elementor-element-18bb263a elementor-section-boxed elementor-section-height-default elementor-section-height-default\" data-id=\"18bb263a\" data-element_type=\"section\" data-e-type=\"section\" data-settings=\"{&quot;ekit_has_onepagescroll_dot&quot;:&quot;yes&quot;}\">\n\t\t\t\t\t\t<div class=\"elementor-container elementor-column-gap-default\">\n\t\t\t\t\t<div class=\"elementor-column elementor-col-100 elementor-top-column elementor-element elementor-element-6e8bd668\" data-id=\"6e8bd668\" data-element_type=\"column\" data-e-type=\"column\">\n\t\t\t<div class=\"elementor-widget-wrap elementor-element-populated\">\n\t\t\t\t\t\t<div class=\"elementor-element elementor-element-2bb99576 sport_news elementor-grid-tablet-3 elementor-grid-3 elementor-grid-mobile-1 elementor-posts--thumbnail-top elementor-posts__hover-gradient elementor-widget elementor-widget-posts\" data-id=\"2bb99576\" data-element_type=\"widget\" data-e-type=\"widget\" data-settings=\"{&quot;cards_row_gap&quot;:{&quot;unit&quot;:&quot;px&quot;,&quot;size&quot;:0,&quot;sizes&quot;:[]},&quot;cards_columns_tablet&quot;:&quot;3&quot;,&quot;cards_columns&quot;:&quot;3&quot;,&quot;cards_columns_mobile&quot;:&quot;1&quot;,&quot;cards_row_gap_tablet_extra&quot;:{&quot;unit&quot;:&quot;px&quot;,&quot;size&quot;:&quot;&quot;,&quot;sizes&quot;:[]},&quot;cards_row_gap_tablet&quot;:{&quot;unit&quot;:&quot;px&quot;,&quot;size&quot;:&quot;&quot;,&quot;sizes&quot;:[]},&quot;cards_row_gap_mobile&quot;:{&quot;unit&quot;:&quot;px&quot;,&quot;size&quot;:&quot;&quot;,&quot;sizes&quot;:[]},&quot;ekit_we_effect_on&quot;:&quot;none&quot;}\" data-widget_type=\"posts.cards\">\n\t\t\t\t<div class=\"elementor-widget-container\">\n\t\t\t\t\t\t\t<div class=\"elementor-posts-container elementor-posts elementor-posts--skin-cards elementor-grid\">\n\t\t\t\t<article class=\"elementor-post elementor-grid-item post-5844 event type-event status-publish has-post-thumbnail hentry\">\n\t\t\t<div class=\"elementor-post__card\">\n\t\t\t\t<a class=\"elementor-post__thumbnail__link\" href=\"https:\/\/sindionation.com\/fr\/event\/the-professionals-in-belgium-ready-for-their-summer-training-camp-with-sindio-balls-and-outfits\/\" tabindex=\"-1\" ><div class=\"elementor-post__thumbnail\"><img fetchpriority=\"high\" decoding=\"async\" width=\"1500\" height=\"844\" src=\"https:\/\/sindionation.com\/wp-content\/uploads\/2024\/07\/sindio-stagedete-20240702222041r.jpg\" class=\"attachment-full size-full wp-image-5858\" alt=\"\" srcset=\"https:\/\/sindionation.com\/wp-content\/uploads\/2024\/07\/sindio-stagedete-20240702222041r.jpg 1500w, https:\/\/sindionation.com\/wp-content\/uploads\/2024\/07\/sindio-stagedete-20240702222041r-300x169.jpg 300w, https:\/\/sindionation.com\/wp-content\/uploads\/2024\/07\/sindio-stagedete-20240702222041r-1024x576.jpg 1024w, https:\/\/sindionation.com\/wp-content\/uploads\/2024\/07\/sindio-stagedete-20240702222041r-768x432.jpg 768w, https:\/\/sindionation.com\/wp-content\/uploads\/2024\/07\/sindio-stagedete-20240702222041r-18x10.jpg 18w\" sizes=\"(max-width: 1500px) 100vw, 1500px\" \/><\/div><\/a>\n\t\t\t\t<div class=\"elementor-post__text\">\n\t\t\t\t<h3 class=\"elementor-post__title\">\n\t\t\t<a href=\"https:\/\/sindionation.com\/fr\/event\/the-professionals-in-belgium-ready-for-their-summer-training-camp-with-sindio-balls-and-outfits\/\" >\n\t\t\t\tLes professionnels en Belgique : pr\u00eats pour leur stage d'\u00e9t\u00e9 avec les ballons et tenues Sindio\t\t\t<\/a>\n\t\t<\/h3>\n\t\t\n\t\t<a class=\"elementor-post__read-more\" href=\"https:\/\/sindionation.com\/fr\/event\/the-professionals-in-belgium-ready-for-their-summer-training-camp-with-sindio-balls-and-outfits\/\" aria-label=\"Read more about The Professionals in Belgium: Ready for their summer training camp with Sindio balls and outfits\" tabindex=\"-1\" data-no-translation-aria-label=\"\" >\n\t\t\tEn Savoir Plus <i class=\"elementor-icons-manager__tab__item__icon fas fa-arrow-right\"><\/i>\t\t<\/a>\n\n\t\t\t\t<\/div>\n\t\t\t\t\t<\/div>\n\t\t<\/article>\n\t\t\t\t<article class=\"elementor-post elementor-grid-item post-1591 event type-event status-publish has-post-thumbnail hentry\">\n\t\t\t<div class=\"elementor-post__card\">\n\t\t\t\t<a class=\"elementor-post__thumbnail__link\" href=\"https:\/\/sindionation.com\/fr\/event\/prepare-for-the-next-football-season-with-this-3-day-intensive-course-supervised-by-experts\/\" tabindex=\"-1\" ><div class=\"elementor-post__thumbnail\"><img decoding=\"async\" width=\"1500\" height=\"1000\" data-src=\"https:\/\/sindionation.com\/wp-content\/uploads\/2024\/07\/sindio-IMG_1245-2024070421343r.jpeg\" class=\"attachment-full size-full wp-image-5859 lazyload\" alt=\"\" data-srcset=\"https:\/\/sindionation.com\/wp-content\/uploads\/2024\/07\/sindio-IMG_1245-2024070421343r.jpeg 1500w, https:\/\/sindionation.com\/wp-content\/uploads\/2024\/07\/sindio-IMG_1245-2024070421343r-300x200.jpeg 300w, https:\/\/sindionation.com\/wp-content\/uploads\/2024\/07\/sindio-IMG_1245-2024070421343r-1024x683.jpeg 1024w, https:\/\/sindionation.com\/wp-content\/uploads\/2024\/07\/sindio-IMG_1245-2024070421343r-768x512.jpeg 768w, https:\/\/sindionation.com\/wp-content\/uploads\/2024\/07\/sindio-IMG_1245-2024070421343r-18x12.jpeg 18w\" data-sizes=\"(max-width: 1500px) 100vw, 1500px\" src=\"data:image\/svg+xml;base64,PHN2ZyB3aWR0aD0iMSIgaGVpZ2h0PSIxIiB4bWxucz0iaHR0cDovL3d3dy53My5vcmcvMjAwMC9zdmciPjwvc3ZnPg==\" style=\"--smush-placeholder-width: 1500px; --smush-placeholder-aspect-ratio: 1500\/1000;\" \/><\/div><\/a>\n\t\t\t\t<div class=\"elementor-post__text\">\n\t\t\t\t<h3 class=\"elementor-post__title\">\n\t\t\t<a href=\"https:\/\/sindionation.com\/fr\/event\/prepare-for-the-next-football-season-with-this-3-day-intensive-course-supervised-by-experts\/\" >\n\t\t\t\tCAMP DE FOOTBALL : Pr\u00e9parez la prochaine saison de football avec ce cours intensif de 3 jours supervis\u00e9 par des experts\t\t\t<\/a>\n\t\t<\/h3>\n\t\t\n\t\t<a class=\"elementor-post__read-more\" href=\"https:\/\/sindionation.com\/fr\/event\/prepare-for-the-next-football-season-with-this-3-day-intensive-course-supervised-by-experts\/\" aria-label=\"Read more about FOOTBALL CAMP: Prepare for the next football season with this 3-day intensive course supervised by experts\" tabindex=\"-1\" data-no-translation-aria-label=\"\" >\n\t\t\tEn Savoir Plus <i class=\"elementor-icons-manager__tab__item__icon fas fa-arrow-right\"><\/i>\t\t<\/a>\n\n\t\t\t\t<\/div>\n\t\t\t\t\t<\/div>\n\t\t<\/article>\n\t\t\t\t<\/div>\n\t\t\n\t\t\t\t\t\t<\/div>\n\t\t\t\t<\/div>\n\t\t\t\t\t<\/div>\n\t\t<\/div>\n\t\t\t\t\t<\/div>\n\t\t<\/section>\n\t\t\t\t<\/div>\n\t\t<\/div>\n\t\t\t\t\t\t\t\t\t<div class=\"elementor-tab-title elementor-tab-mobile-title\" aria-selected=\"false\" data-tab=\"2\" role=\"tab\" tabindex=\"-1\" aria-controls=\"elementor-tab-content-1352\" aria-expanded=\"false\">D\u00e9couvrir<\/div>\n\t\t\t\t\t<div id=\"elementor-tab-content-1352\" class=\"elementor-tab-content elementor-clearfix\" data-tab=\"2\" role=\"tabpanel\" aria-labelledby=\"elementor-tab-title-1352\" tabindex=\"0\" hidden=\"hidden\">\t\t<div data-elementor-type=\"page\" data-elementor-id=\"1822\" class=\"elementor elementor-1822\" data-elementor-post-type=\"elementor_library\">\n\t\t\t\t\t\t<section class=\"elementor-section elementor-top-section elementor-element elementor-element-18bb263a elementor-section-boxed elementor-section-height-default elementor-section-height-default\" data-id=\"18bb263a\" data-element_type=\"section\" data-e-type=\"section\" data-settings=\"{&quot;ekit_has_onepagescroll_dot&quot;:&quot;yes&quot;}\">\n\t\t\t\t\t\t<div class=\"elementor-container elementor-column-gap-default\">\n\t\t\t\t\t<div class=\"elementor-column elementor-col-100 elementor-top-column elementor-element elementor-element-6e8bd668\" data-id=\"6e8bd668\" data-element_type=\"column\" data-e-type=\"column\">\n\t\t\t<div class=\"elementor-widget-wrap elementor-element-populated\">\n\t\t\t\t\t\t<div class=\"elementor-element elementor-element-2bb99576 sport_news elementor-grid-tablet-3 elementor-grid-3 elementor-grid-mobile-1 elementor-posts--thumbnail-top elementor-posts__hover-gradient elementor-widget elementor-widget-posts\" data-id=\"2bb99576\" data-element_type=\"widget\" data-e-type=\"widget\" data-settings=\"{&quot;cards_row_gap&quot;:{&quot;unit&quot;:&quot;px&quot;,&quot;size&quot;:0,&quot;sizes&quot;:[]},&quot;cards_columns_tablet&quot;:&quot;3&quot;,&quot;cards_columns&quot;:&quot;3&quot;,&quot;cards_columns_mobile&quot;:&quot;1&quot;,&quot;cards_row_gap_tablet_extra&quot;:{&quot;unit&quot;:&quot;px&quot;,&quot;size&quot;:&quot;&quot;,&quot;sizes&quot;:[]},&quot;cards_row_gap_tablet&quot;:{&quot;unit&quot;:&quot;px&quot;,&quot;size&quot;:&quot;&quot;,&quot;sizes&quot;:[]},&quot;cards_row_gap_mobile&quot;:{&quot;unit&quot;:&quot;px&quot;,&quot;size&quot;:&quot;&quot;,&quot;sizes&quot;:[]},&quot;ekit_we_effect_on&quot;:&quot;none&quot;}\" data-widget_type=\"posts.cards\">\n\t\t\t\t<div class=\"elementor-widget-container\">\n\t\t\t\t\t\t\t<div class=\"elementor-posts-container elementor-posts elementor-posts--skin-cards elementor-grid\">\n\t\t\t\t<article class=\"elementor-post elementor-grid-item post-5844 event type-event status-publish has-post-thumbnail hentry\">\n\t\t\t<div class=\"elementor-post__card\">\n\t\t\t\t<a class=\"elementor-post__thumbnail__link\" href=\"https:\/\/sindionation.com\/fr\/event\/the-professionals-in-belgium-ready-for-their-summer-training-camp-with-sindio-balls-and-outfits\/\" tabindex=\"-1\" ><div class=\"elementor-post__thumbnail\"><img fetchpriority=\"high\" decoding=\"async\" width=\"1500\" height=\"844\" src=\"https:\/\/sindionation.com\/wp-content\/uploads\/2024\/07\/sindio-stagedete-20240702222041r.jpg\" class=\"attachment-full size-full wp-image-5858\" alt=\"\" srcset=\"https:\/\/sindionation.com\/wp-content\/uploads\/2024\/07\/sindio-stagedete-20240702222041r.jpg 1500w, https:\/\/sindionation.com\/wp-content\/uploads\/2024\/07\/sindio-stagedete-20240702222041r-300x169.jpg 300w, https:\/\/sindionation.com\/wp-content\/uploads\/2024\/07\/sindio-stagedete-20240702222041r-1024x576.jpg 1024w, https:\/\/sindionation.com\/wp-content\/uploads\/2024\/07\/sindio-stagedete-20240702222041r-768x432.jpg 768w, https:\/\/sindionation.com\/wp-content\/uploads\/2024\/07\/sindio-stagedete-20240702222041r-18x10.jpg 18w\" sizes=\"(max-width: 1500px) 100vw, 1500px\" \/><\/div><\/a>\n\t\t\t\t<div class=\"elementor-post__text\">\n\t\t\t\t<h3 class=\"elementor-post__title\">\n\t\t\t<a href=\"https:\/\/sindionation.com\/fr\/event\/the-professionals-in-belgium-ready-for-their-summer-training-camp-with-sindio-balls-and-outfits\/\" >\n\t\t\t\tLes professionnels en Belgique : pr\u00eats pour leur stage d'\u00e9t\u00e9 avec les ballons et tenues Sindio\t\t\t<\/a>\n\t\t<\/h3>\n\t\t\n\t\t<a class=\"elementor-post__read-more\" href=\"https:\/\/sindionation.com\/fr\/event\/the-professionals-in-belgium-ready-for-their-summer-training-camp-with-sindio-balls-and-outfits\/\" aria-label=\"Read more about The Professionals in Belgium: Ready for their summer training camp with Sindio balls and outfits\" tabindex=\"-1\" data-no-translation-aria-label=\"\" >\n\t\t\tEn Savoir Plus <i class=\"elementor-icons-manager__tab__item__icon fas fa-arrow-right\"><\/i>\t\t<\/a>\n\n\t\t\t\t<\/div>\n\t\t\t\t\t<\/div>\n\t\t<\/article>\n\t\t\t\t<article class=\"elementor-post elementor-grid-item post-1591 event type-event status-publish has-post-thumbnail hentry\">\n\t\t\t<div class=\"elementor-post__card\">\n\t\t\t\t<a class=\"elementor-post__thumbnail__link\" href=\"https:\/\/sindionation.com\/fr\/event\/prepare-for-the-next-football-season-with-this-3-day-intensive-course-supervised-by-experts\/\" tabindex=\"-1\" ><div class=\"elementor-post__thumbnail\"><img decoding=\"async\" width=\"1500\" height=\"1000\" data-src=\"https:\/\/sindionation.com\/wp-content\/uploads\/2024\/07\/sindio-IMG_1245-2024070421343r.jpeg\" class=\"attachment-full size-full wp-image-5859 lazyload\" alt=\"\" data-srcset=\"https:\/\/sindionation.com\/wp-content\/uploads\/2024\/07\/sindio-IMG_1245-2024070421343r.jpeg 1500w, https:\/\/sindionation.com\/wp-content\/uploads\/2024\/07\/sindio-IMG_1245-2024070421343r-300x200.jpeg 300w, https:\/\/sindionation.com\/wp-content\/uploads\/2024\/07\/sindio-IMG_1245-2024070421343r-1024x683.jpeg 1024w, https:\/\/sindionation.com\/wp-content\/uploads\/2024\/07\/sindio-IMG_1245-2024070421343r-768x512.jpeg 768w, https:\/\/sindionation.com\/wp-content\/uploads\/2024\/07\/sindio-IMG_1245-2024070421343r-18x12.jpeg 18w\" data-sizes=\"(max-width: 1500px) 100vw, 1500px\" src=\"data:image\/svg+xml;base64,PHN2ZyB3aWR0aD0iMSIgaGVpZ2h0PSIxIiB4bWxucz0iaHR0cDovL3d3dy53My5vcmcvMjAwMC9zdmciPjwvc3ZnPg==\" style=\"--smush-placeholder-width: 1500px; --smush-placeholder-aspect-ratio: 1500\/1000;\" \/><\/div><\/a>\n\t\t\t\t<div class=\"elementor-post__text\">\n\t\t\t\t<h3 class=\"elementor-post__title\">\n\t\t\t<a href=\"https:\/\/sindionation.com\/fr\/event\/prepare-for-the-next-football-season-with-this-3-day-intensive-course-supervised-by-experts\/\" >\n\t\t\t\tCAMP DE FOOTBALL : Pr\u00e9parez la prochaine saison de football avec ce cours intensif de 3 jours supervis\u00e9 par des experts\t\t\t<\/a>\n\t\t<\/h3>\n\t\t\n\t\t<a class=\"elementor-post__read-more\" href=\"https:\/\/sindionation.com\/fr\/event\/prepare-for-the-next-football-season-with-this-3-day-intensive-course-supervised-by-experts\/\" aria-label=\"Read more about FOOTBALL CAMP: Prepare for the next football season with this 3-day intensive course supervised by experts\" tabindex=\"-1\" data-no-translation-aria-label=\"\" >\n\t\t\tEn Savoir Plus <i class=\"elementor-icons-manager__tab__item__icon fas fa-arrow-right\"><\/i>\t\t<\/a>\n\n\t\t\t\t<\/div>\n\t\t\t\t\t<\/div>\n\t\t<\/article>\n\t\t\t\t<\/div>\n\t\t\n\t\t\t\t\t\t<\/div>\n\t\t\t\t<\/div>\n\t\t\t\t\t<\/div>\n\t\t<\/div>\n\t\t\t\t\t<\/div>\n\t\t<\/section>\n\t\t\t\t<\/div>\n\t\t<\/div>\n\t\t\t\t\t\t\t\t\t<div class=\"elementor-tab-title elementor-tab-mobile-title\" aria-selected=\"false\" data-tab=\"3\" role=\"tab\" tabindex=\"-1\" aria-controls=\"elementor-tab-content-1353\" aria-expanded=\"false\">Ev\u00e9nements<\/div>\n\t\t\t\t\t<div id=\"elementor-tab-content-1353\" class=\"elementor-tab-content elementor-clearfix\" data-tab=\"3\" role=\"tabpanel\" aria-labelledby=\"elementor-tab-title-1353\" tabindex=\"0\" hidden=\"hidden\">\t\t<div data-elementor-type=\"page\" data-elementor-id=\"1826\" class=\"elementor elementor-1826\" data-elementor-post-type=\"elementor_library\">\n\t\t\t\t\t\t<section class=\"elementor-section elementor-top-section elementor-element elementor-element-18bb263a elementor-section-boxed elementor-section-height-default elementor-section-height-default\" data-id=\"18bb263a\" data-element_type=\"section\" data-e-type=\"section\" data-settings=\"{&quot;ekit_has_onepagescroll_dot&quot;:&quot;yes&quot;}\">\n\t\t\t\t\t\t<div class=\"elementor-container elementor-column-gap-default\">\n\t\t\t\t\t<div class=\"elementor-column elementor-col-100 elementor-top-column elementor-element elementor-element-6e8bd668\" data-id=\"6e8bd668\" data-element_type=\"column\" data-e-type=\"column\">\n\t\t\t<div class=\"elementor-widget-wrap elementor-element-populated\">\n\t\t\t\t\t\t\t<\/div>\n\t\t<\/div>\n\t\t\t\t\t<\/div>\n\t\t<\/section>\n\t\t\t\t<\/div>\n\t\t<\/div>\n\t\t\t\t\t\t\t<\/div>\n\t\t<\/div>\n\t\t\t\t\t\t<\/div>\n\t\t\t\t<div class=\"elementor-element elementor-element-7163c12 sport_news elementor-hidden-desktop elementor-hidden-tablet elementor-hidden-mobile elementor-grid-3 elementor-grid-tablet-2 elementor-grid-mobile-1 elementor-posts--thumbnail-top elementor-posts__hover-gradient elementor-widget elementor-widget-posts\" data-id=\"7163c12\" data-element_type=\"widget\" data-e-type=\"widget\" data-settings=\"{&quot;cards_row_gap&quot;:{&quot;unit&quot;:&quot;px&quot;,&quot;size&quot;:0,&quot;sizes&quot;:[]},&quot;cards_columns&quot;:&quot;3&quot;,&quot;cards_columns_tablet&quot;:&quot;2&quot;,&quot;cards_columns_mobile&quot;:&quot;1&quot;,&quot;cards_row_gap_tablet_extra&quot;:{&quot;unit&quot;:&quot;px&quot;,&quot;size&quot;:&quot;&quot;,&quot;sizes&quot;:[]},&quot;cards_row_gap_tablet&quot;:{&quot;unit&quot;:&quot;px&quot;,&quot;size&quot;:&quot;&quot;,&quot;sizes&quot;:[]},&quot;cards_row_gap_mobile&quot;:{&quot;unit&quot;:&quot;px&quot;,&quot;size&quot;:&quot;&quot;,&quot;sizes&quot;:[]},&quot;ekit_we_effect_on&quot;:&quot;none&quot;}\" data-widget_type=\"posts.cards\">\n\t\t\t\t<div class=\"elementor-widget-container\">\n\t\t\t\t\t\t\t<div class=\"elementor-posts-container elementor-posts elementor-posts--skin-cards elementor-grid\">\n\t\t\t\t<article class=\"elementor-post elementor-grid-item post-5844 event type-event status-publish has-post-thumbnail hentry\">\n\t\t\t<div class=\"elementor-post__card\">\n\t\t\t\t<a class=\"elementor-post__thumbnail__link\" href=\"https:\/\/sindionation.com\/fr\/event\/the-professionals-in-belgium-ready-for-their-summer-training-camp-with-sindio-balls-and-outfits\/\" tabindex=\"-1\" ><div class=\"elementor-post__thumbnail\"><img decoding=\"async\" width=\"300\" height=\"169\" data-src=\"https:\/\/sindionation.com\/wp-content\/uploads\/2024\/07\/sindio-stagedete-20240702222041r-300x169.jpg\" class=\"attachment-medium size-medium wp-image-5858 lazyload\" alt=\"\" data-srcset=\"https:\/\/sindionation.com\/wp-content\/uploads\/2024\/07\/sindio-stagedete-20240702222041r-300x169.jpg 300w, https:\/\/sindionation.com\/wp-content\/uploads\/2024\/07\/sindio-stagedete-20240702222041r-1024x576.jpg 1024w, https:\/\/sindionation.com\/wp-content\/uploads\/2024\/07\/sindio-stagedete-20240702222041r-768x432.jpg 768w, https:\/\/sindionation.com\/wp-content\/uploads\/2024\/07\/sindio-stagedete-20240702222041r-18x10.jpg 18w, https:\/\/sindionation.com\/wp-content\/uploads\/2024\/07\/sindio-stagedete-20240702222041r.jpg 1500w\" data-sizes=\"(max-width: 300px) 100vw, 300px\" src=\"data:image\/svg+xml;base64,PHN2ZyB3aWR0aD0iMSIgaGVpZ2h0PSIxIiB4bWxucz0iaHR0cDovL3d3dy53My5vcmcvMjAwMC9zdmciPjwvc3ZnPg==\" style=\"--smush-placeholder-width: 300px; --smush-placeholder-aspect-ratio: 300\/169;\" \/><\/div><\/a>\n\t\t\t\t<div class=\"elementor-post__text\">\n\t\t\t\t<h3 class=\"elementor-post__title\">\n\t\t\t<a href=\"https:\/\/sindionation.com\/fr\/event\/the-professionals-in-belgium-ready-for-their-summer-training-camp-with-sindio-balls-and-outfits\/\" >\n\t\t\t\tLes professionnels en Belgique : pr\u00eats pour leur stage d'\u00e9t\u00e9 avec les ballons et tenues Sindio\t\t\t<\/a>\n\t\t<\/h3>\n\t\t\n\t\t<a class=\"elementor-post__read-more\" href=\"https:\/\/sindionation.com\/fr\/event\/the-professionals-in-belgium-ready-for-their-summer-training-camp-with-sindio-balls-and-outfits\/\" aria-label=\"Read more about The Professionals in Belgium: Ready for their summer training camp with Sindio balls and outfits\" tabindex=\"-1\" data-no-translation-aria-label=\"\" >\n\t\t\tEn Savoir Plus <i class=\"elementor-icons-manager__tab__item__icon fas fa-arrow-right\"><\/i>\t\t<\/a>\n\n\t\t\t\t<\/div>\n\t\t\t\t\t<\/div>\n\t\t<\/article>\n\t\t\t\t<article class=\"elementor-post elementor-grid-item post-1591 event type-event status-publish has-post-thumbnail hentry\">\n\t\t\t<div class=\"elementor-post__card\">\n\t\t\t\t<a class=\"elementor-post__thumbnail__link\" href=\"https:\/\/sindionation.com\/fr\/event\/prepare-for-the-next-football-season-with-this-3-day-intensive-course-supervised-by-experts\/\" tabindex=\"-1\" ><div class=\"elementor-post__thumbnail\"><img decoding=\"async\" width=\"300\" height=\"200\" data-src=\"https:\/\/sindionation.com\/wp-content\/uploads\/2024\/07\/sindio-IMG_1245-2024070421343r-300x200.jpeg\" class=\"attachment-medium size-medium wp-image-5859 lazyload\" alt=\"\" data-srcset=\"https:\/\/sindionation.com\/wp-content\/uploads\/2024\/07\/sindio-IMG_1245-2024070421343r-300x200.jpeg 300w, https:\/\/sindionation.com\/wp-content\/uploads\/2024\/07\/sindio-IMG_1245-2024070421343r-1024x683.jpeg 1024w, https:\/\/sindionation.com\/wp-content\/uploads\/2024\/07\/sindio-IMG_1245-2024070421343r-768x512.jpeg 768w, https:\/\/sindionation.com\/wp-content\/uploads\/2024\/07\/sindio-IMG_1245-2024070421343r-18x12.jpeg 18w, https:\/\/sindionation.com\/wp-content\/uploads\/2024\/07\/sindio-IMG_1245-2024070421343r.jpeg 1500w\" data-sizes=\"(max-width: 300px) 100vw, 300px\" src=\"data:image\/svg+xml;base64,PHN2ZyB3aWR0aD0iMSIgaGVpZ2h0PSIxIiB4bWxucz0iaHR0cDovL3d3dy53My5vcmcvMjAwMC9zdmciPjwvc3ZnPg==\" style=\"--smush-placeholder-width: 300px; --smush-placeholder-aspect-ratio: 300\/200;\" \/><\/div><\/a>\n\t\t\t\t<div class=\"elementor-post__text\">\n\t\t\t\t<h3 class=\"elementor-post__title\">\n\t\t\t<a href=\"https:\/\/sindionation.com\/fr\/event\/prepare-for-the-next-football-season-with-this-3-day-intensive-course-supervised-by-experts\/\" >\n\t\t\t\tCAMP DE FOOTBALL : Pr\u00e9parez la prochaine saison de football avec ce cours intensif de 3 jours supervis\u00e9 par des experts\t\t\t<\/a>\n\t\t<\/h3>\n\t\t\n\t\t<a class=\"elementor-post__read-more\" href=\"https:\/\/sindionation.com\/fr\/event\/prepare-for-the-next-football-season-with-this-3-day-intensive-course-supervised-by-experts\/\" aria-label=\"Read more about FOOTBALL CAMP: Prepare for the next football season with this 3-day intensive course supervised by experts\" tabindex=\"-1\" data-no-translation-aria-label=\"\" >\n\t\t\tEn Savoir Plus <i class=\"elementor-icons-manager__tab__item__icon fas fa-arrow-right\"><\/i>\t\t<\/a>\n\n\t\t\t\t<\/div>\n\t\t\t\t\t<\/div>\n\t\t<\/article>\n\t\t\t\t<\/div>\n\t\t\n\t\t\t\t\t\t<\/div>\n\t\t\t\t<\/div>\n\t\t\t\t\t<\/div>\n\t\t<\/div>\n\t\t\t\t\t<\/div>\n\t\t<\/section>\n\t\t\t\t<\/div>","protected":false},"excerpt":{"rendered":"<p>Type To Search Popular Keywords Categories No Record Found View All Results All Discover Events All Event nulla bibendum sollicitudin Learn More ornare enim condimentum. Learn More luctus tincidunt sindionation Learn More Sindionation augue augue sit Learn More Event sindionation Learn More Cursus donec nunc Learn More Sindio Event Learn More risus etiam sem Learn [&hellip;]<\/p>\n","protected":false},"author":1,"featured_media":0,"parent":0,"menu_order":0,"comment_status":"closed","ping_status":"closed","template":"elementor_header_footer","meta":{"om_disable_all_campaigns":false,"_monsterinsights_skip_tracking":false,"_monsterinsights_sitenote_active":false,"_monsterinsights_sitenote_note":"","_monsterinsights_sitenote_category":0,"footnotes":""},"class_list":["post-1188","page","type-page","status-publish","hentry"],"acf":[],"_links":{"self":[{"href":"https:\/\/sindionation.com\/fr\/wp-json\/wp\/v2\/pages\/1188","targetHints":{"allow":["GET"]}}],"collection":[{"href":"https:\/\/sindionation.com\/fr\/wp-json\/wp\/v2\/pages"}],"about":[{"href":"https:\/\/sindionation.com\/fr\/wp-json\/wp\/v2\/types\/page"}],"author":[{"embeddable":true,"href":"https:\/\/sindionation.com\/fr\/wp-json\/wp\/v2\/users\/1"}],"replies":[{"embeddable":true,"href":"https:\/\/sindionation.com\/fr\/wp-json\/wp\/v2\/comments?post=1188"}],"version-history":[{"count":124,"href":"https:\/\/sindionation.com\/fr\/wp-json\/wp\/v2\/pages\/1188\/revisions"}],"predecessor-version":[{"id":1881,"href":"https:\/\/sindionation.com\/fr\/wp-json\/wp\/v2\/pages\/1188\/revisions\/1881"}],"wp:attachment":[{"href":"https:\/\/sindionation.com\/fr\/wp-json\/wp\/v2\/media?parent=1188"}],"curies":[{"name":"wp","href":"https:\/\/api.w.org\/{rel}","templated":true}]}}